{"id":18,"date":"2021-02-21T17:30:19","date_gmt":"2021-02-21T20:30:19","guid":{"rendered":"https:\/\/festivaltransatlantico.com.br\/?page_id=18"},"modified":"2021-03-23T14:01:10","modified_gmt":"2021-03-23T17:01:10","slug":"programacao","status":"publish","type":"page","link":"https:\/\/festivaltransatlantico.com.br\/en\/programacao\/","title":{"rendered":"schedule"},"content":{"rendered":"<p class=\"has-text-align-center\"><strong>FESTIVAL TRANSATL\u00c2NTICO EDI\u00c7\u00c3O 2021<\/strong><br><strong>INSTITUTO MARIO CRAVO NETO<\/strong><\/p>\n\n\n\n<p><strong>teste<\/strong><\/p>\n\n\n\n<p>18h30 &#8211; 19h10 &#8211;<em> <strong>Abertura do Festival Transatl\u00e2ntico<\/strong><\/em><\/p>\n\n\n\n<p>19h10 &#8211; 19h20 &#8211; Intera\u00e7\u00e3o com o p\u00fablico<\/p>\n\n\n\n<p>19h20 &#8211; 19h30 &#8211; Intervalo<\/p>\n\n\n\n<p>19h30 &#8211; 20h10 &#8211; <strong>\u201c<em>Pele Preta<\/em>\u201d &#8211; Maureen Bisilliat<\/strong><\/p>\n\n\n\n<p>20h10 &#8211; 20h20 &#8211; Intera\u00e7\u00e3o com o p\u00fablico<\/p>\n\n\n\n<p>20h30 \u2013 Encerramento<\/p>\n\n\n\n<div style=\"height:60px\" aria-hidden=\"true\" class=\"wp-block-spacer\"><\/div>\n\n\n\n<p><strong>QUINTA FEIRA 25.03<\/strong><\/p>\n\n\n\n<p>18h30 \u2013 19h10 \u2013<strong>&nbsp;\u201cO papel dos acervos de fotografia no cen\u00e1rio cultural contempor\u00e2neo\u201d<\/strong>&nbsp;\u2013&nbsp;<strong><em>Sergio Burgi<\/em><\/strong><\/p>\n\n\n\n<p>19h10 \u2013 19h20 \u2013 Intera\u00e7\u00e3o com o p\u00fablico<\/p>\n\n\n\n<p>19h20 \u2013 19h30 \u2013 Intervalo<\/p>\n\n\n\n<p>19h30 \u2013 20h10 \u2013&nbsp;<strong>\u201cTipos\u201d<\/strong>&nbsp;\u2013&nbsp;<em><strong>Fernando Banzi<\/strong><\/em><\/p>\n\n\n\n<p>20h10 \u2013 20h20 \u2013 Intera\u00e7\u00e3o com o p\u00fablico<\/p>\n\n\n\n<p>20h30 \u2013 Encerramento<\/p>\n\n\n\n<div style=\"height:60px\" aria-hidden=\"true\" class=\"wp-block-spacer\"><\/div>\n\n\n\n<p><strong>SEXTA FEIRA 26.03<\/strong><\/p>\n\n\n\n<p>18h30 &#8211; 19h10 &#8211; <strong>\u201c<em>Mario Cravo Neto: Esp\u00edritos sem nome<\/em>\u201d &#8211; Luiz Camillo Os\u00f3ri<\/strong>o<\/p>\n\n\n\n<p>19h10 &#8211; 19h20 &#8211; Intera\u00e7\u00e3o com o p\u00fablico<\/p>\n\n\n\n<p>19h20 &#8211; 19h30 &#8211; Intervalo<\/p>\n\n\n\n<p>19h30 &#8211; 20h10 &#8211; <strong>\u201c<em>Fotografia Metaf\u00edsica Brasileira<\/em>\u201d &#8211; Eder Chiodetto<\/strong><\/p>\n\n\n\n<p>20h10 &#8211; 20h20 &#8211; Intera\u00e7\u00e3o com o p\u00fablico<\/p>\n\n\n\n<p>20h30 &#8211; Encerramento<\/p>\n\n\n\n<div style=\"height:60px\" aria-hidden=\"true\" class=\"wp-block-spacer\"><\/div>\n\n\n\n<p><strong>S\u00c1BADO 27.03<\/strong><\/p>\n\n\n\n<p>16h00 &#8211; 16h40 &#8211; <strong>\u201c<em>Ex Mundus Novus<\/em>\u201d &#8211; Alex Webb <\/strong><\/p>\n\n\n\n<p>16h40 &#8211; 16h50 &#8211; Intera\u00e7\u00e3o com o p\u00fablico<\/p>\n\n\n\n<p>16h50 &#8211; 18h30 &#8211; Intervalo para programa\u00e7\u00e3o noturna<\/p>\n\n\n\n<p>18h30 &#8211; 19h10 &#8211; <strong>&#8220;#BLVCKSBTFLL &#8211; <em>Black is Beautiful<\/em>&#8221; &#8211; Thiago Borba<\/strong><\/p>\n\n\n\n<p>19h10 &#8211; 19h20 &#8211; Intera\u00e7\u00e3o com o p\u00fablico<\/p>\n\n\n\n<p>19h20 &#8211; 19h30 &#8211; Intervalo<\/p>\n\n\n\n<p>19h30 &#8211; 20h10 &#8211; <strong>&#8220;<em>Fabula\u00e7\u00f5es te\u00f3ricas sobre a fotografia<\/em>&#8221; &#8211; Fabio Gatti<\/strong><\/p>\n\n\n\n<p>20h10 &#8211; 20h20 &#8211; Intera\u00e7\u00e3o com o p\u00fablico<\/p>\n\n\n\n<p>20h30 &#8211; Encerramento<\/p>\n\n\n\n<div style=\"height:60px\" aria-hidden=\"true\" class=\"wp-block-spacer\"><\/div>\n\n\n\n<p><strong>DOMINGO 28.03<\/strong><\/p>\n\n\n\n<p>16h00 &#8211; 16h40 &#8211; <strong>\u201c<em>Infra<\/em>\u201d &#8211; Richard Mosse <\/strong><\/p>\n\n\n\n<p>16h40 &#8211; 16h50 &#8211; Intera\u00e7\u00e3o com o p\u00fablico<\/p>\n\n\n\n<p>16h50 &#8211; 18h30 &#8211; Intervalo para programa\u00e7\u00e3o noturna<\/p>\n\n\n\n<p>18h30 &#8211; 19h10 &#8211; <strong>\u201c<em>Hidra<\/em>\u201d &#8211; Hirosuke Kitamura<\/strong><\/p>\n\n\n\n<p>19h10 &#8211; 19h20 &#8211; Intera\u00e7\u00e3o com o p\u00fablico<\/p>\n\n\n\n<p>19h20 &#8211; 19h30 &#8211; Intervalo<\/p>\n\n\n\n<p>19h30 &#8211; 20h10 &#8211; <strong>\u201c<em>\u201cAmazon - the end of green<\/em>\u201d &#8211; Betina Samaia<\/strong><\/p>\n\n\n\n<p>20h10 &#8211; 20h20 &#8211; Intera\u00e7\u00e3o com o p\u00fablico<\/p>\n\n\n\n<p>20h30 &#8211; Encerramento<\/p>","protected":false},"excerpt":{"rendered":"<p>FESTIVAL TRANSATL\u00c2NTICO EDI\u00c7\u00c3O 2021INSTITUTO MARIO CRAVO NETO QUARTA FEIRA 24.03 18h30 &#8211; 19h10 &#8211; Abertura do Festival Transatl\u00e2ntico 19h10 &#8211; 19h20 &#8211; Intera\u00e7\u00e3o com o p\u00fablico 19h20 &#8211; 19h30 &#8211; Intervalo 19h30 &#8211; 20h10 &#8211; \u201cPele Preta\u201d &#8211; Maureen Bisilliat 20h10 &#8211; 20h20 &#8211; Intera\u00e7\u00e3o com o p\u00fablico 20h30 \u2013 Encerramento QUINTA FEIRA 25.03 18h30 [&hellip;]<\/p>\n","protected":false},"author":1,"featured_media":0,"parent":0,"menu_order":0,"comment_status":"closed","ping_status":"closed","template":"","meta":{"_acf_changed":false,"footnotes":""},"class_list":["post-18","page","type-page","status-publish","hentry"],"acf":[],"_links":{"self":[{"href":"https:\/\/festivaltransatlantico.com.br\/en\/wp-json\/wp\/v2\/pages\/18","targetHints":{"allow":["GET"]}}],"collection":[{"href":"https:\/\/festivaltransatlantico.com.br\/en\/wp-json\/wp\/v2\/pages"}],"about":[{"href":"https:\/\/festivaltransatlantico.com.br\/en\/wp-json\/wp\/v2\/types\/page"}],"author":[{"embeddable":true,"href":"https:\/\/festivaltransatlantico.com.br\/en\/wp-json\/wp\/v2\/users\/1"}],"replies":[{"embeddable":true,"href":"https:\/\/festivaltransatlantico.com.br\/en\/wp-json\/wp\/v2\/comments?post=18"}],"version-history":[{"count":5,"href":"https:\/\/festivaltransatlantico.com.br\/en\/wp-json\/wp\/v2\/pages\/18\/revisions"}],"predecessor-version":[{"id":818,"href":"https:\/\/festivaltransatlantico.com.br\/en\/wp-json\/wp\/v2\/pages\/18\/revisions\/818"}],"wp:attachment":[{"href":"https:\/\/festivaltransatlantico.com.br\/en\/wp-json\/wp\/v2\/media?parent=18"}],"curies":[{"name":"wp","href":"https:\/\/api.w.org\/{rel}","templated":true}]}}